{"id":132,"date":"2018-01-12T08:02:15","date_gmt":"2018-01-12T07:02:15","guid":{"rendered":"http:\/\/bridge129.qodeinteractive.com\/?page_id=132"},"modified":"2026-03-19T16:46:22","modified_gmt":"2026-03-19T15:46:22","slug":"about-us","status":"publish","type":"page","link":"http:\/\/www.lafargeconsultant.com\/index.php\/about-us\/","title":{"rendered":"A propos"},"content":{"rendered":"<section class=\"wpb-content-wrapper\"><p>[vc_row css_animation=\u00a0\u00bb\u00a0\u00bb row_type=\u00a0\u00bbrow\u00a0\u00bb use_row_as_full_screen_section=\u00a0\u00bbno\u00a0\u00bb type=\u00a0\u00bbgrid\u00a0\u00bb angled_section=\u00a0\u00bbno\u00a0\u00bb text_align=\u00a0\u00bbleft\u00a0\u00bb background_image_as_pattern=\u00a0\u00bbwithout_pattern\u00a0\u00bb padding_top=\u00a0\u00bb119&Prime; padding_bottom=\u00a0\u00bb87&Prime; z_index=\u00a0\u00bb\u00a0\u00bb css=\u00a0\u00bb.vc_custom_1515745451587{background-color: #ffffff !important;}\u00a0\u00bb][vc_column offset=\u00a0\u00bbvc_col-md-6&Prime;][vc_separator type=\u00a0\u00bbtransparent\u00a0\u00bb up=\u00a0\u00bb-18&Prime;][vc_column_text]<\/p>\n<h2>Lafarge Consult@nt<\/h2>\n<p>[\/vc_column_text][vc_separator type=\u00a0\u00bbsmall\u00a0\u00bb position=\u00a0\u00bbleft\u00a0\u00bb color=\u00a0\u00bb#007f92&Prime; thickness=\u00a0\u00bb4&Prime; width=\u00a0\u00bb48&Prime; up=\u00a0\u00bb17&Prime; down=\u00a0\u00bb27&Prime;][vc_column_text]<\/p>\n<p align=\"justify\">Fort d\u2019une exp\u00e9rience de + de 30 ans, J\u00e9r\u00f4me Lafarge a cr\u00e9\u00e9 son cabinet de consultants pour accompagner les entreprises autour de la paie.<\/p>\n<p align=\"justify\">R\u00e9aliser l\u2019ensemble des d\u00e9marches li\u00e9es \u00e0 la r\u00e9mun\u00e9ration des salari\u00e9s, donner des \u00e9l\u00e9ments de lecture d\u2019un service de paie, former de nouveaux collaborateurs sont autant de services que le cabinet propose \u00e0 ses clients pour leur permettre de r\u00e9duire et anticiper les risques de cette fonction critique.<\/p>\n<p>[\/vc_column_text][vc_empty_space height=\u00a0\u00bb36px\u00a0\u00bb]<a  itemprop=\"url\" href=\"http:\/\/www.lafargeconsultant.com\/index.php\/contact-us\/\" target=\"_self\"  class=\"qbutton  default\" style=\"\">Contact<\/a>[vc_empty_space height=\u00a0\u00bb30px\u00a0\u00bb][\/vc_column][vc_column offset=\u00a0\u00bbvc_col-md-6&Prime;][vc_single_image image=\u00a0\u00bb348&Prime; img_size=\u00a0\u00bbfull\u00a0\u00bb qode_css_animation=\u00a0\u00bb\u00a0\u00bb][vc_empty_space height=\u00a0\u00bb30px\u00a0\u00bb][\/vc_column][\/vc_row][vc_row css_animation=\u00a0\u00bb\u00a0\u00bb row_type=\u00a0\u00bbrow\u00a0\u00bb use_row_as_full_screen_section=\u00a0\u00bbno\u00a0\u00bb type=\u00a0\u00bbfull_width\u00a0\u00bb angled_section=\u00a0\u00bbno\u00a0\u00bb text_align=\u00a0\u00bbcenter\u00a0\u00bb background_image_as_pattern=\u00a0\u00bbwithout_pattern\u00a0\u00bb z_index=\u00a0\u00bb\u00a0\u00bb][vc_column][vc_row_inner row_type=\u00a0\u00bbrow\u00a0\u00bb type=\u00a0\u00bbfull_width\u00a0\u00bb text_align=\u00a0\u00bbleft\u00a0\u00bb css_animation=\u00a0\u00bb\u00a0\u00bb][vc_column_inner width=\u00a0\u00bb1\/4&Prime;][\/vc_column_inner][vc_column_inner width=\u00a0\u00bb1\/4&Prime;][vc_single_image image=\u00a0\u00bb531&Prime; img_size=\u00a0\u00bbfull\u00a0\u00bb qode_css_animation=\u00a0\u00bb\u00a0\u00bb][vc_empty_space]<a  itemprop=\"url\" href=\"http:\/\/www.lafargeconsultant.com\/wp-content\/uploads\/2025\/09\/Plaquette-presentation-lafarge-4BD.pdf\" target=\"_parent\"  class=\"qbutton  default\" style=\"\">T\u00e9l\u00e9charger<\/a>[vc_empty_space][\/vc_column_inner][vc_column_inner width=\u00a0\u00bb1\/4&Prime;][vc_single_image image=\u00a0\u00bb530&Prime; img_size=\u00a0\u00bbfull\u00a0\u00bb qode_css_animation=\u00a0\u00bb\u00a0\u00bb][vc_empty_space]<a  itemprop=\"url\" href=\"http:\/\/www.lafargeconsultant.com\/wp-content\/uploads\/2025\/09\/Plaquette-Recrutement-2BD.pdf\" target=\"_parent\"  class=\"qbutton  default\" style=\"\">T\u00e9l\u00e9charger<\/a>[vc_empty_space][\/vc_column_inner][vc_column_inner width=\u00a0\u00bb1\/4&Prime;][\/vc_column_inner][\/vc_row_inner][\/vc_column][\/vc_row][vc_row css_animation=\u00a0\u00bb\u00a0\u00bb row_type=\u00a0\u00bbrow\u00a0\u00bb use_row_as_full_screen_section=\u00a0\u00bbno\u00a0\u00bb type=\u00a0\u00bbfull_width\u00a0\u00bb angled_section=\u00a0\u00bbno\u00a0\u00bb text_align=\u00a0\u00bbleft\u00a0\u00bb background_image_as_pattern=\u00a0\u00bbwithout_pattern\u00a0\u00bb padding_top=\u00a0\u00bb7&Prime; padding_bottom=\u00a0\u00bb2&Prime; css=\u00a0\u00bb.vc_custom_1540983207746{background-color: #007f92 !important;}\u00a0\u00bb z_index=\u00a0\u00bb\u00a0\u00bb][vc_column][vc_empty_space][vc_column_text]<\/p>\n<h2 style=\"text-align: center;\"><span style=\"color: #ffffff;\">P\u00e9dagogie, Disponibilit\u00e9, Rigueur, R\u00e9activit\u00e9, Anticipation, Confidentialit\u00e9<\/span><\/h2>\n<p>[\/vc_column_text][vc_empty_space][\/vc_column][\/vc_row]<\/p>\n<\/section>","protected":false},"excerpt":{"rendered":"<p>[vc_row css_animation=\u00a0\u00bb\u00a0\u00bb row_type=\u00a0\u00bbrow\u00a0\u00bb use_row_as_full_screen_section=\u00a0\u00bbno\u00a0\u00bb type=\u00a0\u00bbgrid\u00a0\u00bb angled_section=\u00a0\u00bbno\u00a0\u00bb text_align=\u00a0\u00bbleft\u00a0\u00bb background_image_as_pattern=\u00a0\u00bbwithout_pattern\u00a0\u00bb padding_top=\u00a0\u00bb119&Prime; padding_bottom=\u00a0\u00bb87&Prime; z_index=\u00a0\u00bb\u00a0\u00bb css=\u00a0\u00bb.vc_custom_1515745451587{background-color: #ffffff !important;}\u00a0\u00bb][vc_column offset=\u00a0\u00bbvc_col-md-6&Prime;][vc_separator type=\u00a0\u00bbtransparent\u00a0\u00bb up=\u00a0\u00bb-18&Prime;][vc_column_text] Lafarge Consult@nt [\/vc_column_text][vc_separator type=\u00a0\u00bbsmall\u00a0\u00bb position=\u00a0\u00bbleft\u00a0\u00bb color=\u00a0\u00bb#007f92&Prime; thickness=\u00a0\u00bb4&Prime; width=\u00a0\u00bb48&Prime; up=\u00a0\u00bb17&Prime; down=\u00a0\u00bb27&Prime;][vc_column_text] Fort d\u2019une exp\u00e9rience de + de 30 ans, J\u00e9r\u00f4me Lafarge a cr\u00e9\u00e9 son cabinet de consultants pour accompagner&#8230;<\/p>\n","protected":false},"author":1,"featured_media":0,"parent":0,"menu_order":0,"comment_status":"closed","ping_status":"closed","template":"full_width.php","meta":{"_mi_skip_tracking":false},"_links":{"self":[{"href":"http:\/\/www.lafargeconsultant.com\/index.php\/wp-json\/wp\/v2\/pages\/132"}],"collection":[{"href":"http:\/\/www.lafargeconsultant.com\/index.php\/wp-json\/wp\/v2\/pages"}],"about":[{"href":"http:\/\/www.lafargeconsultant.com\/index.php\/wp-json\/wp\/v2\/types\/page"}],"author":[{"embeddable":true,"href":"http:\/\/www.lafargeconsultant.com\/index.php\/wp-json\/wp\/v2\/users\/1"}],"replies":[{"embeddable":true,"href":"http:\/\/www.lafargeconsultant.com\/index.php\/wp-json\/wp\/v2\/comments?post=132"}],"version-history":[{"count":30,"href":"http:\/\/www.lafargeconsultant.com\/index.php\/wp-json\/wp\/v2\/pages\/132\/revisions"}],"predecessor-version":[{"id":581,"href":"http:\/\/www.lafargeconsultant.com\/index.php\/wp-json\/wp\/v2\/pages\/132\/revisions\/581"}],"wp:attachment":[{"href":"http:\/\/www.lafargeconsultant.com\/index.php\/wp-json\/wp\/v2\/media?parent=132"}],"curies":[{"name":"wp","href":"https:\/\/api.w.org\/{rel}","templated":true}]}}