{"id":159,"date":"2018-01-12T09:28:42","date_gmt":"2018-01-12T09:28:42","guid":{"rendered":"http:\/\/bridge129.qodeinteractive.com\/?page_id=159"},"modified":"2019-02-13T10:40:36","modified_gmt":"2019-02-13T09:40:36","slug":"services","status":"publish","type":"page","link":"http:\/\/www.lafargeconsultant.com\/index.php\/services\/","title":{"rendered":"Services"},"content":{"rendered":"<section class=\"wpb-content-wrapper\"><p>[vc_row css_animation=\u00a0\u00bb\u00a0\u00bb row_type=\u00a0\u00bbrow\u00a0\u00bb use_row_as_full_screen_section=\u00a0\u00bbno\u00a0\u00bb type=\u00a0\u00bbgrid\u00a0\u00bb angled_section=\u00a0\u00bbno\u00a0\u00bb text_align=\u00a0\u00bbcenter\u00a0\u00bb background_image_as_pattern=\u00a0\u00bbwithout_pattern\u00a0\u00bb padding_top=\u00a0\u00bb143&Prime; padding_bottom=\u00a0\u00bb18&Prime; z_index=\u00a0\u00bb\u00a0\u00bb css=\u00a0\u00bb.vc_custom_1515749806753{background-color: #ffffff !important;}\u00a0\u00bb][vc_column offset=\u00a0\u00bbvc_col-md-4&Prime;]<div class='q_icon_with_title large custom_icon_image center '><div class=\"icon_holder \" style=\" \"><img itemprop=\"image\" style=\"\" src=\"http:\/\/www.lafargeconsultant.com\/wp-content\/uploads\/2018\/11\/externalisation.png\" alt=\"\"><\/div><div class=\"icon_text_holder\" style=\"\"><div class=\"icon_text_inner\" style=\"\"><h3 class=\"icon_title\" style=\"\">Externalisation de la paie<\/h3><div class=\"separator small left\" style=\"height: 2px;background-color: #3bafcc;width: 34px;margin-top: 8px;margin-bottom: 5px;\"><\/div><p style='color: #0f0f28'>Administration du personnel, traitement de la paie, transmission des bulletins, traitement des charges sociales et DSN, nous g\u00e9rons la r\u00e9mun\u00e9ration de vos salari\u00e9s en compl\u00e8te conformit\u00e9 avec la r\u00e9glementation en vigueur.<\/p><\/div><\/div><\/div>[vc_empty_space height=\u00a0\u00bb30px\u00a0\u00bb][\/vc_column][vc_column offset=\u00a0\u00bbvc_col-md-4&Prime;]<div class='q_icon_with_title large custom_icon_image center '><div class=\"icon_holder \" style=\" \"><img itemprop=\"image\" style=\"\" src=\"http:\/\/www.lafargeconsultant.com\/wp-content\/uploads\/2018\/11\/sos.png\" alt=\"\"><\/div><div class=\"icon_text_holder\" style=\"\"><div class=\"icon_text_inner\" style=\"\"><h3 class=\"icon_title\" style=\"\">SOS paie<\/h3><div class=\"separator small left\" style=\"height: 2px;background-color: #3bafcc;width: 34px;margin-top: 8px;margin-bottom: 5px;\"><\/div><p style='color: #0f0f28'>Afin d\u2019assurer la continuit\u00e9 de votre service de paie, nous intervenons en d\u00e9port\u00e9 ou dans vos locaux, quel que soit le logiciel utilis\u00e9 par votre entreprise (SILAE, CEGID, COALA, QUADRA).<\/p><\/div><\/div><\/div>[vc_empty_space height=\u00a0\u00bb30px\u00a0\u00bb][\/vc_column][vc_column offset=\u00a0\u00bbvc_col-md-4&Prime;]<div class='q_icon_with_title large custom_icon_image center '><div class=\"icon_holder \" style=\" \"><img itemprop=\"image\" style=\"\" src=\"http:\/\/www.lafargeconsultant.com\/wp-content\/uploads\/2019\/02\/audit-copie.png\" alt=\"\"><\/div><div class=\"icon_text_holder\" style=\"\"><div class=\"icon_text_inner\" style=\"\"><h3 class=\"icon_title\" style=\"\">Audit social<\/h3><div class=\"separator small left\" style=\"height: 2px;background-color: #3bafcc;width: 34px;margin-top: 8px;margin-bottom: 5px;\"><\/div><p style='color: #0f0f28'>En analysant vos bonnes pratiques, mais aussi les d\u00e9calages entre votre processus et la r\u00e9glementation, notre audit vous donne les cl\u00e9s pour optimiser votre service paie.<\/p><\/div><\/div><\/div>[vc_empty_space height=\u00a0\u00bb30px\u00a0\u00bb][\/vc_column][\/vc_row][vc_row css_animation=\u00a0\u00bb\u00a0\u00bb row_type=\u00a0\u00bbrow\u00a0\u00bb use_row_as_full_screen_section=\u00a0\u00bbno\u00a0\u00bb type=\u00a0\u00bbgrid\u00a0\u00bb angled_section=\u00a0\u00bbno\u00a0\u00bb text_align=\u00a0\u00bbcenter\u00a0\u00bb background_image_as_pattern=\u00a0\u00bbwithout_pattern\u00a0\u00bb padding_bottom=\u00a0\u00bb68&Prime; z_index=\u00a0\u00bb\u00a0\u00bb css=\u00a0\u00bb.vc_custom_1515751005476{background-color: #ffffff !important;}\u00a0\u00bb][vc_column offset=\u00a0\u00bbvc_col-md-4&Prime;]<div class='q_icon_with_title large custom_icon_image center '><div class=\"icon_holder \" style=\" \"><img itemprop=\"image\" style=\"\" src=\"http:\/\/www.lafargeconsultant.com\/wp-content\/uploads\/2018\/11\/aquisition.png\" alt=\"\"><\/div><div class=\"icon_text_holder\" style=\"\"><div class=\"icon_text_inner\" style=\"\"><h3 class=\"icon_title\" style=\"\">Audit d'acquisition<\/h3><div class=\"separator small left\" style=\"height: 2px;background-color: #3bafcc;width: 34px;margin-top: 8px;margin-bottom: 5px;\"><\/div><p style='color: #0f0f28'>Notre analyse minutieuse anticipe les risques juridiques et sociaux en examinant toutes les clauses des contrats li\u00e9es \u00e0 la r\u00e9mun\u00e9ration et aux cotisations.<\/p><\/div><\/div><\/div>[vc_empty_space height=\u00a0\u00bb30px\u00a0\u00bb][\/vc_column][vc_column offset=\u00a0\u00bbvc_col-md-4&Prime;]<div class='q_icon_with_title large custom_icon_image center '><div class=\"icon_holder \" style=\" \"><img itemprop=\"image\" style=\"\" src=\"http:\/\/www.lafargeconsultant.com\/wp-content\/uploads\/2018\/11\/formation.png\" alt=\"\"><\/div><div class=\"icon_text_holder\" style=\"\"><div class=\"icon_text_inner\" style=\"\"><h3 class=\"icon_title\" style=\"\">Formation initiale<\/h3><div class=\"separator small left\" style=\"height: 2px;background-color: #3bafcc;width: 34px;margin-top: 8px;margin-bottom: 5px;\"><\/div><p style='color: #0f0f28'>Nous intervenons dans les programmes de formation des gestionnaires de paie, BTS comptabilit\u00e9, Master RH.<\/p><\/div><\/div><\/div>[vc_empty_space height=\u00a0\u00bb30px\u00a0\u00bb][\/vc_column][vc_column offset=\u00a0\u00bbvc_col-md-4&Prime;]<div class='q_icon_with_title large custom_icon_image center '><div class=\"icon_holder \" style=\" \"><img itemprop=\"image\" style=\"\" src=\"http:\/\/www.lafargeconsultant.com\/wp-content\/uploads\/2018\/11\/formation-continue.png\" alt=\"\"><\/div><div class=\"icon_text_holder\" style=\"\"><div class=\"icon_text_inner\" style=\"\"><h3 class=\"icon_title\" style=\"\">Formation continue<\/h3><div class=\"separator small left\" style=\"height: 2px;background-color: #3bafcc;width: 34px;margin-top: 8px;margin-bottom: 5px;\"><\/div><p style='color: #0f0f28'>Nos modules visent \u00e0 permettre \u00e0 des collaborateurs de se former aux \u00e9volutions r\u00e9glementaires et l\u00e9gislatives.<\/p><\/div><\/div><\/div>[vc_empty_space height=\u00a0\u00bb30px\u00a0\u00bb][\/vc_column][\/vc_row][vc_row css_animation=\u00a0\u00bb\u00a0\u00bb row_type=\u00a0\u00bbrow\u00a0\u00bb use_row_as_full_screen_section=\u00a0\u00bbno\u00a0\u00bb type=\u00a0\u00bbgrid\u00a0\u00bb angled_section=\u00a0\u00bbno\u00a0\u00bb text_align=\u00a0\u00bbleft\u00a0\u00bb background_image_as_pattern=\u00a0\u00bbwithout_pattern\u00a0\u00bb padding_top=\u00a0\u00bb7&Prime; padding_bottom=\u00a0\u00bb2&Prime; css=\u00a0\u00bb.vc_custom_1537995312880{background-color: #007f92 !important;}\u00a0\u00bb z_index=\u00a0\u00bb\u00a0\u00bb][vc_column]<div class=\"container_inner\"><div class=\"call_to_action normal\" style=\"\"><div class=\"two_columns_75_25 clearfix\"><div class=\"text_wrapper column1\"><div class=\"call_to_action_text \" style=\"\">\n<h5><span style=\"color: #ffffff;\">Vous souhaitez en savoir plus<\/span><\/h5>\n<h2>Acc\u00e9dez au formulaire:<\/h2>\n<\/div><\/div><div class=\"button_wrapper column2\"><a itemprop=\"url\" href=\"http:\/\/www.lafargeconsultant.com\/index.php\/contact-us\/\" class=\"qbutton white \" target=\"_self\" style=\"color: #1a1a1a;border-color: #ffffff;background-color: #ffffff;\" data-hover-background-color=#1a1a1a data-hover-border-color=#1a1a1a data-hover-color=#ffffff>CONTACT<\/a><\/div><\/div><\/div><\/div>[\/vc_column][\/vc_row]<\/p>\n<\/section>","protected":false},"excerpt":{"rendered":"<p>[vc_row css_animation=\u00a0\u00bb\u00a0\u00bb row_type=\u00a0\u00bbrow\u00a0\u00bb use_row_as_full_screen_section=\u00a0\u00bbno\u00a0\u00bb type=\u00a0\u00bbgrid\u00a0\u00bb angled_section=\u00a0\u00bbno\u00a0\u00bb text_align=\u00a0\u00bbcenter\u00a0\u00bb background_image_as_pattern=\u00a0\u00bbwithout_pattern\u00a0\u00bb padding_top=\u00a0\u00bb143&Prime; padding_bottom=\u00a0\u00bb18&Prime; z_index=\u00a0\u00bb\u00a0\u00bb css=\u00a0\u00bb.vc_custom_1515749806753{background-color: #ffffff !important;}\u00a0\u00bb][vc_column offset=\u00a0\u00bbvc_col-md-4&Prime;][vc_empty_space height=\u00a0\u00bb30px\u00a0\u00bb][\/vc_column][vc_column offset=\u00a0\u00bbvc_col-md-4&Prime;][vc_empty_space height=\u00a0\u00bb30px\u00a0\u00bb][\/vc_column][vc_column offset=\u00a0\u00bbvc_col-md-4&Prime;][vc_empty_space height=\u00a0\u00bb30px\u00a0\u00bb][\/vc_column][\/vc_row][vc_row css_animation=\u00a0\u00bb\u00a0\u00bb row_type=\u00a0\u00bbrow\u00a0\u00bb use_row_as_full_screen_section=\u00a0\u00bbno\u00a0\u00bb type=\u00a0\u00bbgrid\u00a0\u00bb angled_section=\u00a0\u00bbno\u00a0\u00bb text_align=\u00a0\u00bbcenter\u00a0\u00bb background_image_as_pattern=\u00a0\u00bbwithout_pattern\u00a0\u00bb padding_bottom=\u00a0\u00bb68&Prime; z_index=\u00a0\u00bb\u00a0\u00bb css=\u00a0\u00bb.vc_custom_1515751005476{background-color: #ffffff !important;}\u00a0\u00bb][vc_column offset=\u00a0\u00bbvc_col-md-4&Prime;][vc_empty_space height=\u00a0\u00bb30px\u00a0\u00bb][\/vc_column][vc_column offset=\u00a0\u00bbvc_col-md-4&Prime;][vc_empty_space height=\u00a0\u00bb30px\u00a0\u00bb][\/vc_column][vc_column offset=\u00a0\u00bbvc_col-md-4&Prime;][vc_empty_space height=\u00a0\u00bb30px\u00a0\u00bb][\/vc_column][\/vc_row][vc_row css_animation=\u00a0\u00bb\u00a0\u00bb row_type=\u00a0\u00bbrow\u00a0\u00bb use_row_as_full_screen_section=\u00a0\u00bbno\u00a0\u00bb type=\u00a0\u00bbgrid\u00a0\u00bb angled_section=\u00a0\u00bbno\u00a0\u00bb text_align=\u00a0\u00bbleft\u00a0\u00bb background_image_as_pattern=\u00a0\u00bbwithout_pattern\u00a0\u00bb&#8230;<\/p>\n","protected":false},"author":1,"featured_media":0,"parent":0,"menu_order":0,"comment_status":"closed","ping_status":"closed","template":"full_width.php","meta":{"_mi_skip_tracking":false},"_links":{"self":[{"href":"http:\/\/www.lafargeconsultant.com\/index.php\/wp-json\/wp\/v2\/pages\/159"}],"collection":[{"href":"http:\/\/www.lafargeconsultant.com\/index.php\/wp-json\/wp\/v2\/pages"}],"about":[{"href":"http:\/\/www.lafargeconsultant.com\/index.php\/wp-json\/wp\/v2\/types\/page"}],"author":[{"embeddable":true,"href":"http:\/\/www.lafargeconsultant.com\/index.php\/wp-json\/wp\/v2\/users\/1"}],"replies":[{"embeddable":true,"href":"http:\/\/www.lafargeconsultant.com\/index.php\/wp-json\/wp\/v2\/comments?post=159"}],"version-history":[{"count":13,"href":"http:\/\/www.lafargeconsultant.com\/index.php\/wp-json\/wp\/v2\/pages\/159\/revisions"}],"predecessor-version":[{"id":455,"href":"http:\/\/www.lafargeconsultant.com\/index.php\/wp-json\/wp\/v2\/pages\/159\/revisions\/455"}],"wp:attachment":[{"href":"http:\/\/www.lafargeconsultant.com\/index.php\/wp-json\/wp\/v2\/media?parent=159"}],"curies":[{"name":"wp","href":"https:\/\/api.w.org\/{rel}","templated":true}]}}