{"id":213,"date":"2018-01-12T11:42:48","date_gmt":"2018-01-12T10:42:48","guid":{"rendered":"http:\/\/bridge129.qodeinteractive.com\/?page_id=213"},"modified":"2026-03-19T16:45:51","modified_gmt":"2026-03-19T15:45:51","slug":"contact-us","status":"publish","type":"page","link":"http:\/\/www.lafargeconsultant.com\/index.php\/contact-us\/","title":{"rendered":"Contact"},"content":{"rendered":"<section class=\"wpb-content-wrapper\"><p>[vc_row css_animation=\u00a0\u00bb\u00a0\u00bb row_type=\u00a0\u00bbrow\u00a0\u00bb use_row_as_full_screen_section=\u00a0\u00bbno\u00a0\u00bb type=\u00a0\u00bbgrid\u00a0\u00bb angled_section=\u00a0\u00bbno\u00a0\u00bb text_align=\u00a0\u00bbleft\u00a0\u00bb background_image_as_pattern=\u00a0\u00bbwithout_pattern\u00a0\u00bb padding_top=\u00a0\u00bb050&Prime; padding_bottom=\u00a0\u00bb50&Prime; z_index=\u00a0\u00bb\u00a0\u00bb][vc_column offset=\u00a0\u00bbvc_col-md-4&Prime;][vc_single_image image=\u00a0\u00bb360&Prime; img_size=\u00a0\u00bb200&#215;200&Prime; style=\u00a0\u00bbvc_box_circle_2&Prime; qode_css_animation=\u00a0\u00bb\u00a0\u00bb][vc_empty_space height=\u00a0\u00bb24px\u00a0\u00bb][vc_column_text]<\/p>\n<h3>Coordonn\u00e9es<\/h3>\n<p>[\/vc_column_text][vc_empty_space height=\u00a0\u00bb7px\u00a0\u00bb][vc_column_text]<a href=\"mailto:jlafarge@lafargeconsultant.com\"><span data-type=\"normal\"  class=\"qode_icon_shortcode  q_font_awsome_icon fa-lg  \" style=\" \"><i class=\"qode_icon_font_awesome fa fa-envelope qode_icon_element\" style=\"\" ><\/i><\/span> jlafarge@lafargeconsultant.com<\/a>[\/vc_column_text][vc_empty_space height=\u00a0\u00bb30px\u00a0\u00bb][vc_column_text]10 Chemin des Tard Venus<br \/>\n69530 BRIGNAIS[\/vc_column_text][\/vc_column][vc_column offset=\u00a0\u00bbvc_col-md-8&Prime;][vc_separator type=\u00a0\u00bbtransparent\u00a0\u00bb up=\u00a0\u00bb-16&Prime;][vc_column_text]<\/p>\n<h2>Pour toute question ou demande de devis, envoyez-nous un message :<\/h2>\n<p>[\/vc_column_text][vc_separator type=\u00a0\u00bbsmall\u00a0\u00bb position=\u00a0\u00bbleft\u00a0\u00bb color=\u00a0\u00bb#007f92&Prime; thickness=\u00a0\u00bb4&Prime; width=\u00a0\u00bb48&Prime; up=\u00a0\u00bb22&Prime; down=\u00a0\u00bb41&Prime;][vc_empty_space height=\u00a0\u00bb30px\u00a0\u00bb][vc_column_text]<div role=\"form\" class=\"wpcf7\" id=\"wpcf7-f288-o1\" lang=\"fr-FR\" dir=\"ltr\">\n<div class=\"screen-reader-response\"><\/div>\n<form action=\"\/index.php\/wp-json\/wp\/v2\/pages\/213#wpcf7-f288-o1\" method=\"post\" class=\"wpcf7-form cf7-style monochrome-light\" novalidate=\"novalidate\">\n<div style=\"display: none;\">\n<input type=\"hidden\" name=\"_wpcf7\" value=\"288\" \/>\n<input type=\"hidden\" name=\"_wpcf7_version\" value=\"5.0.4\" \/>\n<input type=\"hidden\" name=\"_wpcf7_locale\" value=\"fr_FR\" \/>\n<input type=\"hidden\" name=\"_wpcf7_unit_tag\" value=\"wpcf7-f288-o1\" \/>\n<input type=\"hidden\" name=\"_wpcf7_container_post\" value=\"0\" \/>\n<\/div>\n<p><label> Votre nom (obligatoire)<br \/>\n    <span class=\"wpcf7-form-control-wrap your-name\"><input type=\"text\" name=\"your-name\" value=\"\" size=\"40\" class=\"wpcf7-form-control wpcf7-text wpcf7-validates-as-required\" aria-required=\"true\" aria-invalid=\"false\" \/><\/span> <\/label><\/p>\n<p><label> Votre adresse de messagerie (obligatoire)<br \/>\n    <span class=\"wpcf7-form-control-wrap your-email\"><input type=\"email\" name=\"your-email\" value=\"\" size=\"40\" class=\"wpcf7-form-control wpcf7-text wpcf7-email wpcf7-validates-as-required wpcf7-validates-as-email\" aria-required=\"true\" aria-invalid=\"false\" \/><\/span> <\/label><\/p>\n<p><label> Objet<br \/>\n    <span class=\"wpcf7-form-control-wrap your-subject\"><input type=\"text\" name=\"your-subject\" value=\"\" size=\"40\" class=\"wpcf7-form-control wpcf7-text\" aria-invalid=\"false\" \/><\/span> <\/label><\/p>\n<p><label> Votre message<br \/>\n    <span class=\"wpcf7-form-control-wrap your-message\"><textarea name=\"your-message\" cols=\"40\" rows=\"10\" class=\"wpcf7-form-control wpcf7-textarea\" aria-invalid=\"false\"><\/textarea><\/span> <\/label><\/p>\n<p><span class=\"wpcf7-form-control-wrap checkbox-70\"><span class=\"wpcf7-form-control wpcf7-checkbox wpcf7-validates-as-required\"><span class=\"wpcf7-list-item first last\"><input type=\"checkbox\" name=\"checkbox-70[]\" value=\"LAFARGE CONSULTANT s&#039;engage \u00e0 prot\u00e9ger et \u00e0 respecter votre vie priv\u00e9e. Nous n&#039;utiliserons vos donn\u00e9es personnelles que pour vous fournir les produits et services demand\u00e9s. En cliquant sur \u00ab Soumettre \u00bb ci-dessous, vous autorisez l\u2019entreprise LAFARGE CONSULTANT \u00e0 stocker et traiter les donn\u00e9es personnelles.\" \/><span class=\"wpcf7-list-item-label\">LAFARGE CONSULTANT s&#039;engage \u00e0 prot\u00e9ger et \u00e0 respecter votre vie priv\u00e9e. Nous n&#039;utiliserons vos donn\u00e9es personnelles que pour vous fournir les produits et services demand\u00e9s. En cliquant sur \u00ab Soumettre \u00bb ci-dessous, vous autorisez l\u2019entreprise LAFARGE CONSULTANT \u00e0 stocker et traiter les donn\u00e9es personnelles.<\/span><\/span><\/span><\/span><\/p>\n<p><input type=\"submit\" value=\"Envoyer\" class=\"wpcf7-form-control wpcf7-submit\" \/><\/p>\n<div class=\"wpcf7-response-output wpcf7-display-none\"><\/div><\/form><\/div>[\/vc_column_text][\/vc_column][\/vc_row]<\/p>\n<\/section>","protected":false},"excerpt":{"rendered":"<p>[vc_row css_animation=\u00a0\u00bb\u00a0\u00bb row_type=\u00a0\u00bbrow\u00a0\u00bb use_row_as_full_screen_section=\u00a0\u00bbno\u00a0\u00bb type=\u00a0\u00bbgrid\u00a0\u00bb angled_section=\u00a0\u00bbno\u00a0\u00bb text_align=\u00a0\u00bbleft\u00a0\u00bb background_image_as_pattern=\u00a0\u00bbwithout_pattern\u00a0\u00bb padding_top=\u00a0\u00bb050&Prime; padding_bottom=\u00a0\u00bb50&Prime; z_index=\u00a0\u00bb\u00a0\u00bb][vc_column offset=\u00a0\u00bbvc_col-md-4&Prime;][vc_single_image image=\u00a0\u00bb360&Prime; img_size=\u00a0\u00bb200&#215;200&Prime; style=\u00a0\u00bbvc_box_circle_2&Prime; qode_css_animation=\u00a0\u00bb\u00a0\u00bb][vc_empty_space height=\u00a0\u00bb24px\u00a0\u00bb][vc_column_text] Coordonn\u00e9es [\/vc_column_text][vc_empty_space height=\u00a0\u00bb7px\u00a0\u00bb][vc_column_text] jlafarge@lafargeconsultant.com[\/vc_column_text][vc_empty_space height=\u00a0\u00bb30px\u00a0\u00bb][vc_column_text]10 Chemin des Tard Venus 69530 BRIGNAIS[\/vc_column_text][\/vc_column][vc_column offset=\u00a0\u00bbvc_col-md-8&Prime;][vc_separator type=\u00a0\u00bbtransparent\u00a0\u00bb up=\u00a0\u00bb-16&Prime;][vc_column_text] Pour toute question ou demande de devis, envoyez-nous un message : [\/vc_column_text][vc_separator type=\u00a0\u00bbsmall\u00a0\u00bb position=\u00a0\u00bbleft\u00a0\u00bb&#8230;<\/p>\n","protected":false},"author":1,"featured_media":0,"parent":0,"menu_order":0,"comment_status":"closed","ping_status":"closed","template":"full_width.php","meta":{"_mi_skip_tracking":false},"_links":{"self":[{"href":"http:\/\/www.lafargeconsultant.com\/index.php\/wp-json\/wp\/v2\/pages\/213"}],"collection":[{"href":"http:\/\/www.lafargeconsultant.com\/index.php\/wp-json\/wp\/v2\/pages"}],"about":[{"href":"http:\/\/www.lafargeconsultant.com\/index.php\/wp-json\/wp\/v2\/types\/page"}],"author":[{"embeddable":true,"href":"http:\/\/www.lafargeconsultant.com\/index.php\/wp-json\/wp\/v2\/users\/1"}],"replies":[{"embeddable":true,"href":"http:\/\/www.lafargeconsultant.com\/index.php\/wp-json\/wp\/v2\/comments?post=213"}],"version-history":[{"count":20,"href":"http:\/\/www.lafargeconsultant.com\/index.php\/wp-json\/wp\/v2\/pages\/213\/revisions"}],"predecessor-version":[{"id":580,"href":"http:\/\/www.lafargeconsultant.com\/index.php\/wp-json\/wp\/v2\/pages\/213\/revisions\/580"}],"wp:attachment":[{"href":"http:\/\/www.lafargeconsultant.com\/index.php\/wp-json\/wp\/v2\/media?parent=213"}],"curies":[{"name":"wp","href":"https:\/\/api.w.org\/{rel}","templated":true}]}}