{"id":322,"date":"2018-10-31T12:03:13","date_gmt":"2018-10-31T11:03:13","guid":{"rendered":"http:\/\/www.lafargeconsultant.com\/?page_id=322"},"modified":"2019-01-31T16:32:06","modified_gmt":"2019-01-31T15:32:06","slug":"audit-dacquisition","status":"publish","type":"page","link":"http:\/\/www.lafargeconsultant.com\/index.php\/audit-dacquisition\/","title":{"rendered":"Audit d\u2019acquisition"},"content":{"rendered":"<section class=\"wpb-content-wrapper\"><p>[vc_row css_animation=\u00a0\u00bb\u00a0\u00bb row_type=\u00a0\u00bbrow\u00a0\u00bb use_row_as_full_screen_section=\u00a0\u00bbno\u00a0\u00bb type=\u00a0\u00bbgrid\u00a0\u00bb angled_section=\u00a0\u00bbno\u00a0\u00bb text_align=\u00a0\u00bbleft\u00a0\u00bb background_image_as_pattern=\u00a0\u00bbwithout_pattern\u00a0\u00bb padding_top=\u00a0\u00bb40&Prime; padding_bottom=\u00a0\u00bb40&Prime; z_index=\u00a0\u00bb\u00a0\u00bb][vc_column width=\u00a0\u00bb1\/2&Prime;][vc_column_text]<\/p>\n<p align=\"justify\">L\u2019environnement social d\u2019une entreprise est un point crucial lors d\u2019une proc\u00e9dure d\u2019acquisition. Le passif social pouvant \u00eatre lourd, un audit minutieux vous permettra de cibler les risques particuliers \u00e0 couvrir dans la garantie d\u2019actif-passif.<\/p>\n<p>&nbsp;<\/p>\n<p align=\"justify\">L\u2019objectif de notre audit est de vous apporter toutes les cl\u00e9s pour \u00e9valuer les risques juridiques et sociaux. Il vous permettra de vous projeter et d\u2019anticiper les choix de gestion du personnel.<\/p>\n<p align=\"justify\">Partenaires de votre proc\u00e9dure, nous cherchons \u00e0 apporter des \u00e9l\u00e9ments solides aux experts-comptables afin de construire un argumentaire pour la n\u00e9gociation du prix d\u2019acquisition.<\/p>\n<p>&nbsp;<\/p>\n<p align=\"justify\">Notre analyse examinera les \u00e9l\u00e9ments de r\u00e9mun\u00e9ration des contrats de travail. Nos consultants veillent aux clauses sp\u00e9cifiques qui pourraient vous p\u00e9naliser lors de la reprise de la soci\u00e9t\u00e9. L\u2019ad\u00e9quation entre ces donn\u00e9es et la convention collective en vigueur fait l\u2019objet d\u2019un examen approfondi.<\/p>\n<p>[\/vc_column_text][\/vc_column][vc_column width=\u00a0\u00bb1\/2&Prime;][vc_single_image image=\u00a0\u00bb349&Prime; img_size=\u00a0\u00bbfull\u00a0\u00bb qode_css_animation=\u00a0\u00bb\u00a0\u00bb][\/vc_column][\/vc_row][vc_row css_animation=\u00a0\u00bb\u00a0\u00bb row_type=\u00a0\u00bbrow\u00a0\u00bb use_row_as_full_screen_section=\u00a0\u00bbno\u00a0\u00bb type=\u00a0\u00bbgrid\u00a0\u00bb angled_section=\u00a0\u00bbno\u00a0\u00bb text_align=\u00a0\u00bbleft\u00a0\u00bb background_image_as_pattern=\u00a0\u00bbwithout_pattern\u00a0\u00bb padding_top=\u00a0\u00bb7&Prime; padding_bottom=\u00a0\u00bb2&Prime; css=\u00a0\u00bb.vc_custom_1537995312880{background-color: #007f92 !important;}\u00a0\u00bb z_index=\u00a0\u00bb\u00a0\u00bb][vc_column]<div class=\"container_inner\"><div class=\"call_to_action normal\" style=\"\"><div class=\"two_columns_75_25 clearfix\"><div class=\"text_wrapper column1\"><div class=\"call_to_action_text \" style=\"\">\n<h5><span style=\"color: #ffffff;\">Vous souhaitez en savoir plus<\/span><\/h5>\n<h2>Acc\u00e9dez au formulaire:<\/h2>\n<\/div><\/div><div class=\"button_wrapper column2\"><a itemprop=\"url\" href=\"http:\/\/www.lafargeconsultant.com\/index.php\/contact-us\/\" class=\"qbutton white \" target=\"_self\" style=\"color: #1a1a1a;border-color: #ffffff;background-color: #ffffff;\" data-hover-background-color=#1a1a1a data-hover-border-color=#1a1a1a data-hover-color=#ffffff>CONTACT<\/a><\/div><\/div><\/div><\/div>[\/vc_column][\/vc_row]<\/p>\n<\/section>","protected":false},"excerpt":{"rendered":"<p>[vc_row css_animation=\u00a0\u00bb\u00a0\u00bb row_type=\u00a0\u00bbrow\u00a0\u00bb use_row_as_full_screen_section=\u00a0\u00bbno\u00a0\u00bb type=\u00a0\u00bbgrid\u00a0\u00bb angled_section=\u00a0\u00bbno\u00a0\u00bb text_align=\u00a0\u00bbleft\u00a0\u00bb background_image_as_pattern=\u00a0\u00bbwithout_pattern\u00a0\u00bb padding_top=\u00a0\u00bb40&Prime; padding_bottom=\u00a0\u00bb40&Prime; z_index=\u00a0\u00bb\u00a0\u00bb][vc_column width=\u00a0\u00bb1\/2&Prime;][vc_column_text] L\u2019environnement social d\u2019une entreprise est un point crucial lors d\u2019une proc\u00e9dure d\u2019acquisition. Le passif social pouvant \u00eatre lourd, un audit minutieux vous permettra de cibler les risques particuliers \u00e0 couvrir dans la garantie&#8230;<\/p>\n","protected":false},"author":1,"featured_media":0,"parent":0,"menu_order":0,"comment_status":"closed","ping_status":"closed","template":"full_width.php","meta":{"_mi_skip_tracking":false},"_links":{"self":[{"href":"http:\/\/www.lafargeconsultant.com\/index.php\/wp-json\/wp\/v2\/pages\/322"}],"collection":[{"href":"http:\/\/www.lafargeconsultant.com\/index.php\/wp-json\/wp\/v2\/pages"}],"about":[{"href":"http:\/\/www.lafargeconsultant.com\/index.php\/wp-json\/wp\/v2\/types\/page"}],"author":[{"embeddable":true,"href":"http:\/\/www.lafargeconsultant.com\/index.php\/wp-json\/wp\/v2\/users\/1"}],"replies":[{"embeddable":true,"href":"http:\/\/www.lafargeconsultant.com\/index.php\/wp-json\/wp\/v2\/comments?post=322"}],"version-history":[{"count":6,"href":"http:\/\/www.lafargeconsultant.com\/index.php\/wp-json\/wp\/v2\/pages\/322\/revisions"}],"predecessor-version":[{"id":428,"href":"http:\/\/www.lafargeconsultant.com\/index.php\/wp-json\/wp\/v2\/pages\/322\/revisions\/428"}],"wp:attachment":[{"href":"http:\/\/www.lafargeconsultant.com\/index.php\/wp-json\/wp\/v2\/media?parent=322"}],"curies":[{"name":"wp","href":"https:\/\/api.w.org\/{rel}","templated":true}]}}