{"id":324,"date":"2018-10-31T12:03:45","date_gmt":"2018-10-31T11:03:45","guid":{"rendered":"http:\/\/www.lafargeconsultant.com\/?page_id=324"},"modified":"2026-03-19T16:48:19","modified_gmt":"2026-03-19T15:48:19","slug":"formation","status":"publish","type":"page","link":"http:\/\/www.lafargeconsultant.com\/index.php\/formation\/","title":{"rendered":"Formation"},"content":{"rendered":"<section class=\"wpb-content-wrapper\"><p>[vc_row css_animation=\u00a0\u00bb\u00a0\u00bb row_type=\u00a0\u00bbrow\u00a0\u00bb use_row_as_full_screen_section=\u00a0\u00bbno\u00a0\u00bb type=\u00a0\u00bbgrid\u00a0\u00bb angled_section=\u00a0\u00bbno\u00a0\u00bb text_align=\u00a0\u00bbleft\u00a0\u00bb background_image_as_pattern=\u00a0\u00bbwithout_pattern\u00a0\u00bb padding_top=\u00a0\u00bb40&Prime; padding_bottom=\u00a0\u00bb40&Prime; z_index=\u00a0\u00bb\u00a0\u00bb][vc_column width=\u00a0\u00bb1\/2&Prime;][vc_accordion style=\u00a0\u00bbaccordion\u00a0\u00bb][vc_accordion_tab title=\u00a0\u00bbNotre approche p\u00e9dagogique\u00a0\u00bb][vc_column_text]<\/p>\n<p align=\"justify\">Nos formateurs construisent chacune de leur intervention sur leurs exp\u00e9riences multiples en traitement et gestion de paie.<\/p>\n<p align=\"justify\">Notre \u00e9quipe p\u00e9dagogique a pour priorit\u00e9 de former des professionnels efficaces. Nous rendons concrets tous les apports th\u00e9oriques en faisant s\u2019exercer les apprenants sur des \u00e9tudes de cas issues de nos terrains professionnels.<\/p>\n<p>[\/vc_column_text][\/vc_accordion_tab][vc_accordion_tab title=\u00a0\u00bbNos modules\u00a0\u00bb][vc_column_text]<\/p>\n<p align=\"justify\">R\u00e9aliser une paie, assurer la tenue et le suivi du dossier social de l\u2019entreprise, mettre en \u0153uvre le pr\u00e9l\u00e8vement \u00e0 la source sont autant de modules que nous animons r\u00e9guli\u00e8rement dans des \u00e9tablissements de formation ou en entreprise.<\/p>\n<p align=\"justify\">Pour r\u00e9pondre aux besoins de formation en mati\u00e8re d\u2019\u00e9volution r\u00e9glementaire, nous cr\u00e9ons des parcours sur-mesure.<\/p>\n<p>[\/vc_column_text][\/vc_accordion_tab][vc_accordion_tab title=\u00a0\u00bbUne expertise sur des secteurs complexes\u00a0\u00bb][vc_column_text]<\/p>\n<p align=\"justify\">BTP, notariat,\u00a0 intermittents du spectacle, h\u00f4tel-caf\u00e9-restaurant, secteur du nettoyage, de la s\u00e9curit\u00e9 priv\u00e9e ou du monde agricole font l\u2019objet de conventions collectives tr\u00e8s sp\u00e9cifiques.<\/p>\n<p align=\"justify\">Intervenant r\u00e9guli\u00e8rement dans ces secteurs d\u2019activit\u00e9s pour le traitement des paies, nos consultants proposent des modules sp\u00e9cifiques tant en formation initiale que continue.<\/p>\n<p>[\/vc_column_text][\/vc_accordion_tab][\/vc_accordion][\/vc_column][vc_column width=\u00a0\u00bb1\/2&Prime;][vc_single_image image=\u00a0\u00bb281&Prime; img_size=\u00a0\u00bbfull\u00a0\u00bb qode_css_animation=\u00a0\u00bb\u00a0\u00bb][\/vc_column][\/vc_row][vc_row css_animation=\u00a0\u00bb\u00a0\u00bb row_type=\u00a0\u00bbrow\u00a0\u00bb use_row_as_full_screen_section=\u00a0\u00bbno\u00a0\u00bb type=\u00a0\u00bbgrid\u00a0\u00bb angled_section=\u00a0\u00bbno\u00a0\u00bb text_align=\u00a0\u00bbleft\u00a0\u00bb background_image_as_pattern=\u00a0\u00bbwithout_pattern\u00a0\u00bb padding_top=\u00a0\u00bb7&Prime; padding_bottom=\u00a0\u00bb2&Prime; css=\u00a0\u00bb.vc_custom_1537995312880{background-color: #007f92 !important;}\u00a0\u00bb z_index=\u00a0\u00bb\u00a0\u00bb][vc_column]<div class=\"container_inner\"><div class=\"call_to_action normal\" style=\"\"><div class=\"two_columns_75_25 clearfix\"><div class=\"text_wrapper column1\"><div class=\"call_to_action_text \" style=\"\">\n<h5><span style=\"color: #ffffff;\">Vous souhaitez en savoir plus<\/span><\/h5>\n<h2>Acc\u00e9dez au formulaire:<span style=\"color: #ffffff;\">:<\/span><\/h2>\n<\/div><\/div><div class=\"button_wrapper column2\"><a itemprop=\"url\" href=\"http:\/\/www.lafargeconsultant.com\/index.php\/contact-us\/\" class=\"qbutton white \" target=\"_self\" style=\"color: #1a1a1a;border-color: #ffffff;background-color: #ffffff;\" data-hover-background-color=#1a1a1a data-hover-border-color=#1a1a1a data-hover-color=#ffffff>CONTACT<\/a><\/div><\/div><\/div><\/div>[\/vc_column][\/vc_row]<\/p>\n<\/section>","protected":false},"excerpt":{"rendered":"<p>[vc_row css_animation=\u00a0\u00bb\u00a0\u00bb row_type=\u00a0\u00bbrow\u00a0\u00bb use_row_as_full_screen_section=\u00a0\u00bbno\u00a0\u00bb type=\u00a0\u00bbgrid\u00a0\u00bb angled_section=\u00a0\u00bbno\u00a0\u00bb text_align=\u00a0\u00bbleft\u00a0\u00bb background_image_as_pattern=\u00a0\u00bbwithout_pattern\u00a0\u00bb padding_top=\u00a0\u00bb40&Prime; padding_bottom=\u00a0\u00bb40&Prime; z_index=\u00a0\u00bb\u00a0\u00bb][vc_column width=\u00a0\u00bb1\/2&Prime;][vc_accordion style=\u00a0\u00bbaccordion\u00a0\u00bb][vc_accordion_tab title=\u00a0\u00bbNotre approche p\u00e9dagogique\u00a0\u00bb][vc_column_text] Nos formateurs construisent chacune de leur intervention sur leurs exp\u00e9riences multiples en traitement et gestion de paie. Notre \u00e9quipe p\u00e9dagogique a pour priorit\u00e9 de former des professionnels efficaces. Nous&#8230;<\/p>\n","protected":false},"author":1,"featured_media":0,"parent":0,"menu_order":0,"comment_status":"closed","ping_status":"closed","template":"full_width.php","meta":{"_mi_skip_tracking":false},"_links":{"self":[{"href":"http:\/\/www.lafargeconsultant.com\/index.php\/wp-json\/wp\/v2\/pages\/324"}],"collection":[{"href":"http:\/\/www.lafargeconsultant.com\/index.php\/wp-json\/wp\/v2\/pages"}],"about":[{"href":"http:\/\/www.lafargeconsultant.com\/index.php\/wp-json\/wp\/v2\/types\/page"}],"author":[{"embeddable":true,"href":"http:\/\/www.lafargeconsultant.com\/index.php\/wp-json\/wp\/v2\/users\/1"}],"replies":[{"embeddable":true,"href":"http:\/\/www.lafargeconsultant.com\/index.php\/wp-json\/wp\/v2\/comments?post=324"}],"version-history":[{"count":13,"href":"http:\/\/www.lafargeconsultant.com\/index.php\/wp-json\/wp\/v2\/pages\/324\/revisions"}],"predecessor-version":[{"id":582,"href":"http:\/\/www.lafargeconsultant.com\/index.php\/wp-json\/wp\/v2\/pages\/324\/revisions\/582"}],"wp:attachment":[{"href":"http:\/\/www.lafargeconsultant.com\/index.php\/wp-json\/wp\/v2\/media?parent=324"}],"curies":[{"name":"wp","href":"https:\/\/api.w.org\/{rel}","templated":true}]}}