{"id":326,"date":"2018-10-31T12:04:37","date_gmt":"2018-10-31T11:04:37","guid":{"rendered":"http:\/\/www.lafargeconsultant.com\/?page_id=326"},"modified":"2019-02-12T23:09:15","modified_gmt":"2019-02-12T22:09:15","slug":"audit-social","status":"publish","type":"page","link":"http:\/\/www.lafargeconsultant.com\/index.php\/audit-social\/","title":{"rendered":"Audit social"},"content":{"rendered":"<section class=\"wpb-content-wrapper\"><p>[vc_row css_animation=\u00a0\u00bb\u00a0\u00bb row_type=\u00a0\u00bbrow\u00a0\u00bb use_row_as_full_screen_section=\u00a0\u00bbno\u00a0\u00bb type=\u00a0\u00bbgrid\u00a0\u00bb angled_section=\u00a0\u00bbno\u00a0\u00bb text_align=\u00a0\u00bbleft\u00a0\u00bb background_image_as_pattern=\u00a0\u00bbwithout_pattern\u00a0\u00bb padding_top=\u00a0\u00bb40&Prime; padding_bottom=\u00a0\u00bb40&Prime; z_index=\u00a0\u00bb\u00a0\u00bb][vc_column width=\u00a0\u00bb1\/2&Prime;][vc_column_text]Votre entreprise est dans une phase de croissance importante.<\/p>\n<p>Vous avez besoin de changer de logiciel de paie.<\/p>\n<p>Vous vous posez des questions sur la conformit\u00e9 de vos paies.<\/p>\n<p>Autant de situations critiques pour lesquelles un audit social sera b\u00e9n\u00e9fique.<\/p>\n<p>&nbsp;<\/p>\n<p align=\"justify\">L\u2019audit vous donne un \u00e9tat des lieux des process de votre service de paie. Nos consultants mettent en lumi\u00e8re les bonnes pratiques de votre entreprise. Ils notent aussi les \u00e9carts qui peuvent exister entre les processus de r\u00e9alisation de la paie et la r\u00e9glementation.<\/p>\n<p>&nbsp;<\/p>\n<p>Nous expertisons la conformit\u00e9 des bulletins de salaire par rapport\u00a0:<\/p>\n<ul>\n<li>\u00e0 la l\u00e9gislation du droit du travail et de l\u2019URSSAF<\/li>\n<li>\u00e0 la convention nationale applicable \u00e0 votre entreprise<\/li>\n<li>aux \u00e9ventuels accords d\u2019entreprise<\/li>\n<\/ul>\n<p>&nbsp;<\/p>\n<p align=\"justify\">\u00c0 l\u2019issue de l\u2019audit, nous vous proposons un plan d\u2019action pour fiabiliser davantage le fonctionnement de votre service de paie.<\/p>\n<p>[\/vc_column_text][\/vc_column][vc_column width=\u00a0\u00bb1\/2&Prime;][vc_single_image image=\u00a0\u00bb345&Prime; img_size=\u00a0\u00bbfull\u00a0\u00bb qode_css_animation=\u00a0\u00bb\u00a0\u00bb][\/vc_column][\/vc_row][vc_row css_animation=\u00a0\u00bb\u00a0\u00bb row_type=\u00a0\u00bbrow\u00a0\u00bb use_row_as_full_screen_section=\u00a0\u00bbno\u00a0\u00bb type=\u00a0\u00bbgrid\u00a0\u00bb angled_section=\u00a0\u00bbno\u00a0\u00bb text_align=\u00a0\u00bbleft\u00a0\u00bb background_image_as_pattern=\u00a0\u00bbwithout_pattern\u00a0\u00bb padding_top=\u00a0\u00bb7&Prime; padding_bottom=\u00a0\u00bb2&Prime; css=\u00a0\u00bb.vc_custom_1537995312880{background-color: #007f92 !important;}\u00a0\u00bb z_index=\u00a0\u00bb\u00a0\u00bb][vc_column]<div class=\"container_inner\"><div class=\"call_to_action normal\" style=\"\"><div class=\"two_columns_75_25 clearfix\"><div class=\"text_wrapper column1\"><div class=\"call_to_action_text \" style=\"\">\n<h5><span style=\"color: #ffffff;\">Vous souhaitez en savoir plus<\/span><\/h5>\n<h2>Acc\u00e9dez au formulaire:<\/h2>\n<\/div><\/div><div class=\"button_wrapper column2\"><a itemprop=\"url\" href=\"http:\/\/www.lafargeconsultant.com\/index.php\/contact-us\/\" class=\"qbutton white \" target=\"_self\" style=\"color: #1a1a1a;border-color: #ffffff;background-color: #ffffff;\" data-hover-background-color=#1a1a1a data-hover-border-color=#1a1a1a data-hover-color=#ffffff>CONTACT<\/a><\/div><\/div><\/div><\/div>[\/vc_column][\/vc_row]<\/p>\n<\/section>","protected":false},"excerpt":{"rendered":"<p>[vc_row css_animation=\u00a0\u00bb\u00a0\u00bb row_type=\u00a0\u00bbrow\u00a0\u00bb use_row_as_full_screen_section=\u00a0\u00bbno\u00a0\u00bb type=\u00a0\u00bbgrid\u00a0\u00bb angled_section=\u00a0\u00bbno\u00a0\u00bb text_align=\u00a0\u00bbleft\u00a0\u00bb background_image_as_pattern=\u00a0\u00bbwithout_pattern\u00a0\u00bb padding_top=\u00a0\u00bb40&Prime; padding_bottom=\u00a0\u00bb40&Prime; z_index=\u00a0\u00bb\u00a0\u00bb][vc_column width=\u00a0\u00bb1\/2&Prime;][vc_column_text]Votre entreprise est dans une phase de croissance importante. Vous avez besoin de changer de logiciel de paie. Vous vous posez des questions sur la conformit\u00e9 de vos paies. Autant de situations critiques pour&#8230;<\/p>\n","protected":false},"author":1,"featured_media":0,"parent":0,"menu_order":0,"comment_status":"closed","ping_status":"closed","template":"full_width.php","meta":{"_mi_skip_tracking":false},"_links":{"self":[{"href":"http:\/\/www.lafargeconsultant.com\/index.php\/wp-json\/wp\/v2\/pages\/326"}],"collection":[{"href":"http:\/\/www.lafargeconsultant.com\/index.php\/wp-json\/wp\/v2\/pages"}],"about":[{"href":"http:\/\/www.lafargeconsultant.com\/index.php\/wp-json\/wp\/v2\/types\/page"}],"author":[{"embeddable":true,"href":"http:\/\/www.lafargeconsultant.com\/index.php\/wp-json\/wp\/v2\/users\/1"}],"replies":[{"embeddable":true,"href":"http:\/\/www.lafargeconsultant.com\/index.php\/wp-json\/wp\/v2\/comments?post=326"}],"version-history":[{"count":8,"href":"http:\/\/www.lafargeconsultant.com\/index.php\/wp-json\/wp\/v2\/pages\/326\/revisions"}],"predecessor-version":[{"id":450,"href":"http:\/\/www.lafargeconsultant.com\/index.php\/wp-json\/wp\/v2\/pages\/326\/revisions\/450"}],"wp:attachment":[{"href":"http:\/\/www.lafargeconsultant.com\/index.php\/wp-json\/wp\/v2\/media?parent=326"}],"curies":[{"name":"wp","href":"https:\/\/api.w.org\/{rel}","templated":true}]}}