{"id":470,"date":"2023-01-27T16:00:17","date_gmt":"2023-01-27T15:00:17","guid":{"rendered":"http:\/\/www.lafargeconsultant.com\/?page_id=470"},"modified":"2026-04-07T16:57:44","modified_gmt":"2026-04-07T14:57:44","slug":"mentions-legales","status":"publish","type":"page","link":"http:\/\/www.lafargeconsultant.com\/index.php\/mentions-legales\/","title":{"rendered":"Mentions l\u00e9gales"},"content":{"rendered":"<p><strong>MENTIONS LEGALES<\/strong><\/p>\n<p><strong>\u00a0<\/strong><\/p>\n<p><strong>EDITEUR\/RESPONSABLE DE TRAITEMENT \/ RESPONSABLE DU SITE<\/strong><\/p>\n<p>LAFARGE CONSULTANT<\/p>\n<p>SASU INSCRITE AU RCS DE LYON sous le n\u00b0 823 433 289 00043 au capital de 1 000 euros<\/p>\n<p>Si\u00e8ge social : 10 Chemin des Tard Venus \u2013 69530 BRIGNAIS<\/p>\n<p>Nom du directeur\u00a0: J\u00e9r\u00f4me LAFARGE<\/p>\n<p>T\u00e9l\u00e9phone\u00a0: 06 70 84 35 33<\/p>\n<p>Email de contact\u00a0: <a href=\"mailto:contact@lafargeconsultant.com\">contact@lafargeconsultant.com<\/a><\/p>\n<p><strong>\u00a0<\/strong><\/p>\n<p><strong>HEBERGEUR\u00a0:<\/strong><\/p>\n<p>LINKWE<\/p>\n<p>5 Route du Paisy<\/p>\n<p>69570 DARDILLY<\/p>\n<p>Siret\u00a0: 853\u00a0946\u00a0689 00033<br \/>\n<strong>\u00a0<\/strong><\/p>\n<p><strong>DONNEES PERSONNELLES<\/strong><\/p>\n<p>LAFARGE CONSULTANT peut vous demander de renseigner des informations \u00e0 caract\u00e8re personnel afin de r\u00e9pondre \u00e0 vos demandes et\/ou vous adresser nos newsletters, nos plaquettes ou nos devis.<\/p>\n<p>Ces informations peuvent inclure des donn\u00e9es de contact telles que votre nom, votre adresse postale, votre adresse e-mail (personnelle ou professionnelle) et votre num\u00e9ro de t\u00e9l\u00e9phone.<\/p>\n<p>Les donn\u00e9es \u00e0 caract\u00e8re personnel recueillies font l\u2019objet de traitements pour les finalit\u00e9s d\u00e9finies ci-dessus, sur le fondement de l\u2019ex\u00e9cution du contrat ou de mesures pr\u00e9contractuelles. Ces donn\u00e9es \u00e0 caract\u00e8re personnel ne sont pas transf\u00e9r\u00e9es \u00e0 des tiers. Ces donn\u00e9es \u00e0 caract\u00e8re personnel sont conserv\u00e9es pendant 3 ans \u00e0 compter de la fin de la relation commerciale ou, en l\u2019absence de relation commerciale, \u00e0 compter de la date de collecte.<\/p>\n<p>Pendant cette p\u00e9riode de conservation des donn\u00e9es \u00e0 caract\u00e8re personnel, vous avez le droit de demander \u00e0 LAFARGE CONSULTANT d\u2019avoir acc\u00e8s \u00e0 ces donn\u00e9es, de les rectifier, de demander leur effacement, de vous opposer au traitement de ces donn\u00e9es ou le limiter, de recevoir lesdites donn\u00e9es \u00e0 caract\u00e8re personnel sous un format structur\u00e9 afin de les transmettre \u00e0 un autre responsable de traitement (portabilit\u00e9 des donn\u00e9es) dans les conditions du R\u00e8glement g\u00e9n\u00e9ral sur la protection des donn\u00e9es (n\u00b0 2016\/679) et de la loi n\u00b0 78-17 du\u00a0 6 janvier 1978 relative \u00e0 l\u2019informatique, aux fichiers et aux libert\u00e9s.<\/p>\n<p>Ces droits peuvent \u00eatre exerc\u00e9s en contactant le responsable de traitement \u00e0 l\u2019adresse suivante\u00a0: <a href=\"mailto:contact@lafargeconsultant.com\">contact@lafargeconsultant.com<\/a><\/p>\n<p>Conform\u00e9ment \u00e0 la r\u00e8glementation applicable, vos \u00e9ventuelles r\u00e9clamations peuvent \u00eatre d\u00e9pos\u00e9es aupr\u00e8s de la Commission Nationale Informatique et Libert\u00e9s \u2013 CNIL.<\/p>\n<p><strong>PROPRIETE INTELLECTUELLE<\/strong><\/p>\n<p>Ce site web (charte graphique, textes, logos, ic\u00f4nes, etc.) constitue une \u0153uvre prot\u00e9g\u00e9e par des droits d\u2019auteurs en France et \u00e0 l\u2019\u00e9tranger.<\/p>\n<p><strong>COOKIES<\/strong><\/p>\n<p>Ce site web utilise des cookies.<\/p>\n<p>Les cookies nous permettent de personnaliser le contenu et les annonces, d&rsquo;offrir des fonctionnalit\u00e9s relatives aux m\u00e9dias sociaux et d&rsquo;analyser notre trafic. Nous partageons \u00e9galement des informations sur l&rsquo;utilisation de notre site avec nos partenaires de m\u00e9dias sociaux, de publicit\u00e9 et d&rsquo;analyse, qui peuvent combiner celles-ci avec d&rsquo;autres informations que vous leur avez fournies ou qu&rsquo;ils ont collect\u00e9es lors de votre utilisation de leurs services.<\/p>\n<p>Les cookies sont des petits fichiers textes qui peuvent \u00eatre utilis\u00e9s par les sites web pour rendre l&rsquo;exp\u00e9rience utilisateur plus efficace.<\/p>\n<p>La loi stipule que nous ne pouvons stocker des cookies sur votre appareil que s\u2019ils sont strictement n\u00e9cessaires au fonctionnement de ce site. Pour tous les autres types de cookies, nous avons besoin de votre permission.<\/p>\n<p>Ce site utilise diff\u00e9rents types de cookies. Certains cookies sont plac\u00e9s par les services tiers qui apparaissent sur nos pages.<\/p>\n<p>\u00c0 tout moment, vous pouvez modifier ou retirer votre consentement d\u00e8s la D\u00e9claration relative aux cookies sur notre site web.<\/p>\n<p>En savoir plus sur qui nous sommes, comment vous pouvez nous contacter et comment nous traitons les donn\u00e9es personnelles veuillez voir notre Politique confidentialit\u00e9.<\/p>\n<p>Veuillez indiquer l&rsquo;identifiant de votre consentement et la date \u00e0 laquelle vous nous avez contact\u00e9s concernant votre consentement.<\/p>\n<p>Necessaires :<br \/>\nLes cookies n\u00e9cessaires contribuent \u00e0 rendre un site web utilisable en activant des fonctions de base comme la navigation de page et l&rsquo;acc\u00e8s aux zones s\u00e9curis\u00e9es du site web. Le site web ne peut pas fonctionner correctement sans ces cookies.<\/p>\n<p>Pr\u00e9f\u00e9rences:<br \/>\nLes cookies de pr\u00e9f\u00e9rences permettent \u00e0 un site web de retenir des informations qui modifient la mani\u00e8re dont le site se comporte ou s\u2019affiche, comme votre langue pr\u00e9f\u00e9r\u00e9e ou la r\u00e9gion dans laquelle vous vous situez.<\/p>\n<p>Statistiques:<br \/>\nLes cookies statistiques aident les propri\u00e9taires du site web, par la collecte et la communication d&rsquo;informations de mani\u00e8re anonyme, \u00e0 comprendre comment les visiteurs interagissent avec les sites web.<\/p>\n<p><strong>\u00a0<\/strong><\/p>\n<p><strong>Mise \u00e0 jour sur le site internet le 7 avril 2026<\/strong><\/p>\n<p><strong>\u00a0<\/strong><\/p>\n","protected":false},"excerpt":{"rendered":"<p>MENTIONS LEGALES \u00a0 EDITEUR\/RESPONSABLE DE TRAITEMENT \/ RESPONSABLE DU SITE LAFARGE CONSULTANT SASU INSCRITE AU RCS DE LYON sous le n\u00b0 823 433 289 00043 au capital de 1 000 euros Si\u00e8ge social : 10 Chemin des Tard Venus \u2013 69530 BRIGNAIS Nom du directeur\u00a0:&#8230;<\/p>\n","protected":false},"author":1,"featured_media":0,"parent":0,"menu_order":0,"comment_status":"closed","ping_status":"closed","template":"","meta":{"_mi_skip_tracking":false},"_links":{"self":[{"href":"http:\/\/www.lafargeconsultant.com\/index.php\/wp-json\/wp\/v2\/pages\/470"}],"collection":[{"href":"http:\/\/www.lafargeconsultant.com\/index.php\/wp-json\/wp\/v2\/pages"}],"about":[{"href":"http:\/\/www.lafargeconsultant.com\/index.php\/wp-json\/wp\/v2\/types\/page"}],"author":[{"embeddable":true,"href":"http:\/\/www.lafargeconsultant.com\/index.php\/wp-json\/wp\/v2\/users\/1"}],"replies":[{"embeddable":true,"href":"http:\/\/www.lafargeconsultant.com\/index.php\/wp-json\/wp\/v2\/comments?post=470"}],"version-history":[{"count":10,"href":"http:\/\/www.lafargeconsultant.com\/index.php\/wp-json\/wp\/v2\/pages\/470\/revisions"}],"predecessor-version":[{"id":603,"href":"http:\/\/www.lafargeconsultant.com\/index.php\/wp-json\/wp\/v2\/pages\/470\/revisions\/603"}],"wp:attachment":[{"href":"http:\/\/www.lafargeconsultant.com\/index.php\/wp-json\/wp\/v2\/media?parent=470"}],"curies":[{"name":"wp","href":"https:\/\/api.w.org\/{rel}","templated":true}]}}