{"id":310,"date":"2018-10-31T11:55:45","date_gmt":"2018-10-31T10:55:45","guid":{"rendered":"http:\/\/www.lafargeconsultant.com\/?page_id=310"},"modified":"2019-02-12T23:09:38","modified_gmt":"2019-02-12T22:09:38","slug":"paie","status":"publish","type":"page","link":"https:\/\/www.lafargeconsultant.com\/index.php\/paie\/","title":{"rendered":"Paie"},"content":{"rendered":"<section class=\"wpb-content-wrapper\"><p>[vc_row css_animation=\u00a0\u00bb\u00a0\u00bb row_type=\u00a0\u00bbrow\u00a0\u00bb use_row_as_full_screen_section=\u00a0\u00bbno\u00a0\u00bb type=\u00a0\u00bbgrid\u00a0\u00bb angled_section=\u00a0\u00bbno\u00a0\u00bb text_align=\u00a0\u00bbleft\u00a0\u00bb background_image_as_pattern=\u00a0\u00bbwithout_pattern\u00a0\u00bb padding_top=\u00a0\u00bb40&Prime; padding_bottom=\u00a0\u00bb40&Prime; z_index=\u00a0\u00bb\u00a0\u00bb][vc_column width=\u00a0\u00bb1\/2&Prime;][vc_column_text]<\/p>\n<p align=\"justify\">Le traitement des bulletins de salaire est un p\u00f4le strat\u00e9gique pour toute entreprise. Des risques financiers et des contentieux importants existent en cas de non-conformit\u00e9. Avec une l\u00e9gislation en constante \u00e9volution, la paie est une fonction complexe et chronophage.<\/p>\n<p>&nbsp;<\/p>\n<p align=\"justify\">Externaliser votre poste paie vous fait gagner du temps. Le confier \u00e0 des experts vous garantit une gestion sociale s\u00e9curis\u00e9e.<\/p>\n<p>&nbsp;<\/p>\n<p align=\"justify\">En veille permanente sur les \u00e9volutions r\u00e9glementaires, Lafarge Consult@nt met au service de ses clients une expertise pointue, et ce quelle que soit la convention collective de votre entreprise (BTP, h\u00f4tel-caf\u00e9-restaurant, s\u00e9curit\u00e9 priv\u00e9e, nettoyage\u2026).<\/p>\n<p>&nbsp;<\/p>\n<p>Nous intervenons au niveau\u00a0:<\/p>\n<ul>\n<li>de l\u2019administration du personnel (d\u00e9claration d\u2019embauche, arr\u00eat de travail, fin de contrat)<\/li>\n<li>du traitement de la paie<\/li>\n<li>de la transmission des bulletins<\/li>\n<li>des traitements des charges sociales et DSN<\/li>\n<\/ul>\n<p>&nbsp;<\/p>\n<p align=\"justify\">L\u2019externalisation de votre poste paie peut se faire totalement ou partiellement, de mani\u00e8re p\u00e9renne ou ponctuelle.<\/p>\n<p>[\/vc_column_text][\/vc_column][vc_column width=\u00a0\u00bb1\/2&Prime;][vc_single_image image=\u00a0\u00bb414&Prime; img_size=\u00a0\u00bbfull\u00a0\u00bb qode_css_animation=\u00a0\u00bb\u00a0\u00bb][\/vc_column][\/vc_row][vc_row css_animation=\u00a0\u00bb\u00a0\u00bb row_type=\u00a0\u00bbrow\u00a0\u00bb use_row_as_full_screen_section=\u00a0\u00bbno\u00a0\u00bb type=\u00a0\u00bbgrid\u00a0\u00bb angled_section=\u00a0\u00bbno\u00a0\u00bb text_align=\u00a0\u00bbleft\u00a0\u00bb background_image_as_pattern=\u00a0\u00bbwithout_pattern\u00a0\u00bb padding_top=\u00a0\u00bb7&Prime; padding_bottom=\u00a0\u00bb2&Prime; css=\u00a0\u00bb.vc_custom_1537995312880{background-color: #007f92 !important;}\u00a0\u00bb z_index=\u00a0\u00bb\u00a0\u00bb][vc_column]<div class=\"container_inner\"><div class=\"call_to_action normal\" style=\"\"><div class=\"two_columns_75_25 clearfix\"><div class=\"text_wrapper column1\"><div class=\"call_to_action_text \" style=\"\">\n<h5><span style=\"color: #ffffff;\">Vous souhaitez en savoir plus<\/span><\/h5>\n<h2>Acc\u00e9dez au formulaire:<\/h2>\n<\/div><\/div><div class=\"button_wrapper column2\"><a itemprop=\"url\" href=\"http:\/\/www.lafargeconsultant.com\/index.php\/contact-us\/\" class=\"qbutton white \" target=\"_self\" style=\"color: #1a1a1a;border-color: #ffffff;background-color: #ffffff;\" data-hover-background-color=#1a1a1a data-hover-border-color=#1a1a1a data-hover-color=#ffffff>CONTACT<\/a><\/div><\/div><\/div><\/div>[\/vc_column][\/vc_row]<\/p>\n<\/section>","protected":false},"excerpt":{"rendered":"<p>[vc_row css_animation=\u00a0\u00bb\u00a0\u00bb row_type=\u00a0\u00bbrow\u00a0\u00bb use_row_as_full_screen_section=\u00a0\u00bbno\u00a0\u00bb type=\u00a0\u00bbgrid\u00a0\u00bb angled_section=\u00a0\u00bbno\u00a0\u00bb text_align=\u00a0\u00bbleft\u00a0\u00bb background_image_as_pattern=\u00a0\u00bbwithout_pattern\u00a0\u00bb padding_top=\u00a0\u00bb40&Prime; padding_bottom=\u00a0\u00bb40&Prime; z_index=\u00a0\u00bb\u00a0\u00bb][vc_column width=\u00a0\u00bb1\/2&Prime;][vc_column_text] Le traitement des bulletins de salaire est un p\u00f4le strat\u00e9gique pour toute entreprise. Des risques financiers et des contentieux importants existent en cas de non-conformit\u00e9. Avec une l\u00e9gislation en constante \u00e9volution, la paie&#8230;<\/p>\n","protected":false},"author":1,"featured_media":0,"parent":0,"menu_order":0,"comment_status":"closed","ping_status":"closed","template":"full_width.php","meta":{"_mi_skip_tracking":false},"_links":{"self":[{"href":"https:\/\/www.lafargeconsultant.com\/index.php\/wp-json\/wp\/v2\/pages\/310"}],"collection":[{"href":"https:\/\/www.lafargeconsultant.com\/index.php\/wp-json\/wp\/v2\/pages"}],"about":[{"href":"https:\/\/www.lafargeconsultant.com\/index.php\/wp-json\/wp\/v2\/types\/page"}],"author":[{"embeddable":true,"href":"https:\/\/www.lafargeconsultant.com\/index.php\/wp-json\/wp\/v2\/users\/1"}],"replies":[{"embeddable":true,"href":"https:\/\/www.lafargeconsultant.com\/index.php\/wp-json\/wp\/v2\/comments?post=310"}],"version-history":[{"count":19,"href":"https:\/\/www.lafargeconsultant.com\/index.php\/wp-json\/wp\/v2\/pages\/310\/revisions"}],"predecessor-version":[{"id":315,"href":"https:\/\/www.lafargeconsultant.com\/index.php\/wp-json\/wp\/v2\/pages\/310\/revisions\/315"}],"wp:attachment":[{"href":"https:\/\/www.lafargeconsultant.com\/index.php\/wp-json\/wp\/v2\/media?parent=310"}],"curies":[{"name":"wp","href":"https:\/\/api.w.org\/{rel}","templated":true}]}}